{"id":1149,"date":"2025-04-12T05:55:29","date_gmt":"2025-04-12T05:55:29","guid":{"rendered":"https:\/\/keweb.ee\/google-ads-facebook-ads\/"},"modified":"2025-06-06T03:09:29","modified_gmt":"2025-06-06T03:09:29","slug":"google-ads-facebook-ads","status":"publish","type":"page","link":"https:\/\/keweb.ee\/en\/google-ads-facebook-ads\/","title":{"rendered":"Google Ads\/Facebook Ads"},"content":{"rendered":"<section class=\"banner-block layout-xl\">\n        <div class=\"banner-block__content\">\n        <div>\n                            <h2 class=\"title\">Google Ads &#8211; reach the right people at the right time<\/h2>\n            \n                            <div class=\"text\"> <p class=\"\" data-start=\"335\" data-end=\"682\">Even if your website is well optimised and SEO is working, Google Ads can give it an extra boost &#8211; especially if you want to quickly gain visibility, test new services or reach customers with specific searches. Google Ads allow you to be on the front page today, just when someone is searching for exactly your product or service.<\/p>\n<p class=\"\" data-start=\"1025\" data-end=\"1162\">Google Ads is ideal if you want fast results, increased sales or maximum coverage, especially for a new brand or seasonal campaign.<\/p>\n<\/div>\n                    <\/div>\n                    <a class=\"banner-block__content-button button--default\" href=\"https:\/\/keweb.ee\/en\/contact\/\" target=\"_self\">Reach us<\/a>\n        \n    <\/div>\n\n    \n        <picture>\n            <source media=\"(max-width:1024px)\" srcset=\"https:\/\/keweb.ee\/wp-content\/uploads\/2025\/04\/pexels-jeshoots-238118-scaled-1-1024x686.jpg\">\n            <img loading=\"lazy\" decoding=\"async\"\n                class=\"banner-block-background\"\n                src=\"https:\/\/keweb.ee\/wp-content\/uploads\/2025\/04\/pexels-jeshoots-238118-scaled-1.jpg\"\n                alt=\"\"\n                width=\"2560\"\n                height=\"1716\" \/>\n        <\/picture>\n\n    \n<\/section>\n\n\n<section class=\"text-image-block layout-xl\">\n        <div class=\"text-image-block__media left\">\n                            <picture>\n                <source media=\"(max-width:600px)\" srcset=\"https:\/\/keweb.ee\/wp-content\/uploads\/2025\/04\/DSC_4528_janeli-600x400.jpg\">\n                <source media=\"(max-width:1024px)\" srcset=\"https:\/\/keweb.ee\/wp-content\/uploads\/2025\/04\/DSC_4528_janeli-1024x683.jpg\">\n                <img loading=\"lazy\" decoding=\"async\"\n                    src=\"https:\/\/keweb.ee\/wp-content\/uploads\/2025\/04\/DSC_4528_janeli-e1745378446971.jpg\"\n                    alt=\"Digiturunduse ja sotsiaalmeedia spetsialist Keweb tiimist\"\n                    width=\"1100\"\n                    height=\"733\" \/>\n            <\/picture>\n            <\/div>\n\n    <div class=\"text-image-block__content\">\n        <div class=\"content-wide\">\n                            <h2>Why advertise when SEO is already working?<\/h2>\n                                        <div class=\"text-image-block__content-description\">\n                    <p class=\"\" data-start=\"2110\" data-end=\"2447\"><a href=\"https:\/\/keweb.ee\/en\/seo\/\">SEO<\/a> is a great long-term investment, but results don&#8217;t come overnight. Google and Meta Ads give you the opportunity to reach customers immediately, test new messages and strategically improve your SEO. The best results come when <strong data-start=\"2353\" data-end=\"2387\">SEO and advertising work together<\/strong> &#8211; SEO brings a stable foundation and advertising brings rapid growth.<\/p>\n                <\/div>\n                                <\/div>\n    <\/div>\n<\/section>\n\n\n<section class=\"text-image-block layout-xl\">\n        <div class=\"text-image-block__media\">\n                            <picture>\n                <source media=\"(max-width:600px)\" srcset=\"https:\/\/keweb.ee\/wp-content\/uploads\/2025\/04\/Frame-151-600x338.jpg\">\n                <source media=\"(max-width:1024px)\" srcset=\"https:\/\/keweb.ee\/wp-content\/uploads\/2025\/04\/Frame-151-1024x576.jpg\">\n                <img loading=\"lazy\" decoding=\"async\"\n                    src=\"https:\/\/keweb.ee\/wp-content\/uploads\/2025\/04\/Frame-151.jpg\"\n                    alt=\"Meta reklaamide seadistamine \u2013 Facebooki ja Instagrami kampaaniate haldamine\"\n                    width=\"1920\"\n                    height=\"1080\" \/>\n            <\/picture>\n            <\/div>\n\n    <div class=\"text-image-block__content\">\n        <div class=\"content-wide\">\n                            <h2>Meta Ads &#8211; create visibility where people move on a daily basis<\/h2>\n                                        <div class=\"text-image-block__content-description\">\n                    <p class=\"\" data-start=\"1244\" data-end=\"1573\"><a href=\"https:\/\/keweb.ee\/en\/google-ads-facebook-ads\/\">Facebook and Instagram ads<\/a> help you reach your target audience where they spend hours every day. Even if you already have followers, they won&#8217;t see your content without ads &#8211; the organic reach is just too small. Meta Ads provide an opportunity to increase brand awareness, drive visits to your website or direct traffic to your online store.<\/p>\n                <\/div>\n                                <\/div>\n    <\/div>\n<\/section>\n\n<section class=\"features-block layout-xl\">\n                <h2 class=\"features-block__title layout-sm\">Why us?<\/h2>\n    \n            <ul class=\"features-block__features\">\n                            <li class=\"features-block__features-feature\">\n                    <div class=\"features-block__features-feature-content\">\n                        <span class=\"feature-number\">01<\/span>\n\n                                                    <h4 class=\"feature-title\">Cleverly targeted ads that reach the right people<\/h4>\n                        \n                                                    <p>Keweb creates campaigns that speak to the right people at the right time &#8211; more enquiries and less wasted budget.<\/p>\n                                            <\/div>\n\n                                                <picture class=\"feature-image\">\n                                <source media=\"(max-width:600px)\" srcset=\"https:\/\/keweb.ee\/wp-content\/uploads\/2025\/04\/Frame-155-600x600.jpg\">\n                                <source media=\"(max-width:1024px)\" srcset=\"https:\/\/keweb.ee\/wp-content\/uploads\/2025\/04\/Frame-155.jpg\">\n                                <img loading=\"lazy\" decoding=\"async\"\n                                    src=\"https:\/\/keweb.ee\/wp-content\/uploads\/2025\/04\/Frame-155.jpg\"\n                                    alt=\"L\u00e4bim\u00f5eldud sihtgruppidele suunatud reklaam\"\n                                    width=\"1000\"\n                                    height=\"1000\">\n                            <\/picture>\n                    \n                <\/li>\n                            <li class=\"features-block__features-feature\">\n                    <div class=\"features-block__features-feature-content\">\n                        <span class=\"feature-number\">02<\/span>\n\n                                                    <h4 class=\"feature-title\">A data-driven approach<\/h4>\n                        \n                                                    <p>We analyse results at every step to optimise ads and get the most out of every euro.<\/p>\n                                            <\/div>\n\n                                                <picture class=\"feature-image\">\n                                <source media=\"(max-width:600px)\" srcset=\"https:\/\/keweb.ee\/wp-content\/uploads\/2025\/04\/Frame-154-600x600.jpg\">\n                                <source media=\"(max-width:1024px)\" srcset=\"https:\/\/keweb.ee\/wp-content\/uploads\/2025\/04\/Frame-154.jpg\">\n                                <img loading=\"lazy\" decoding=\"async\"\n                                    src=\"https:\/\/keweb.ee\/wp-content\/uploads\/2025\/04\/Frame-154.jpg\"\n                                    alt=\"P\u00f5hjalik SEO anal\u00fc\u00fcs\"\n                                    width=\"1000\"\n                                    height=\"1000\">\n                            <\/picture>\n                    \n                <\/li>\n                            <li class=\"features-block__features-feature\">\n                    <div class=\"features-block__features-feature-content\">\n                        <span class=\"feature-number\">03<\/span>\n\n                                                    <h4 class=\"feature-title\">Experience on both Google and Meta platforms<\/h4>\n                        \n                                                    <p>We manage ads across multiple channels at the same time &#8211; so you can reach your customers in search and social media at the same time.<\/p>\n                                            <\/div>\n\n                                                <picture class=\"feature-image\">\n                                <source media=\"(max-width:600px)\" srcset=\"https:\/\/keweb.ee\/wp-content\/uploads\/2025\/04\/Frame-153-600x600.jpg\">\n                                <source media=\"(max-width:1024px)\" srcset=\"https:\/\/keweb.ee\/wp-content\/uploads\/2025\/04\/Frame-153.jpg\">\n                                <img loading=\"lazy\" decoding=\"async\"\n                                    src=\"https:\/\/keweb.ee\/wp-content\/uploads\/2025\/04\/Frame-153.jpg\"\n                                    alt=\"Mitmek\u00fclgne digiturunduskogemus\"\n                                    width=\"1000\"\n                                    height=\"1000\">\n                            <\/picture>\n                    \n                <\/li>\n                            <li class=\"features-block__features-feature\">\n                    <div class=\"features-block__features-feature-content\">\n                        <span class=\"feature-number\">04<\/span>\n\n                                                    <h4 class=\"feature-title\">Tailored campaigns, not off-the-shelf solutions<\/h4>\n                        \n                                                    <p>Each campaign is created from scratch, tailored to your target audience, objectives and budget &#8211; no copy-paste marketing.<\/p>\n                                            <\/div>\n\n                                                <picture class=\"feature-image\">\n                                <source media=\"(max-width:600px)\" srcset=\"https:\/\/keweb.ee\/wp-content\/uploads\/2025\/04\/Frame-150-600x600.jpg\">\n                                <source media=\"(max-width:1024px)\" srcset=\"https:\/\/keweb.ee\/wp-content\/uploads\/2025\/04\/Frame-150.jpg\">\n                                <img loading=\"lazy\" decoding=\"async\"\n                                    src=\"https:\/\/keweb.ee\/wp-content\/uploads\/2025\/04\/Frame-150.jpg\"\n                                    alt=\"Illustratsioon tekstiga \u201cIsiklik l\u00e4henemine\u201d \u2013 personaalne ja kliendikeskne digiturunduse l\u00e4henemine\"\n                                    width=\"1000\"\n                                    height=\"1000\">\n                            <\/picture>\n                    \n                <\/li>\n                    <\/ul>\n    <\/section>\n\n<section class=\"title-text-block layout-md\">\n\n            <div class=\"title-text-block__title\"><h4>Start growing your business with Google and Meta Ads.<\/h4>\n<\/div>\n    \n            <div class=\"title-text-block__text\"> <p>Book a consultation and find out where to start.<\/p>\n<\/div>\n    \n<\/section>\n\n<section class=\"contact-form-block\">\n\n            <div class=\"contact-form-block__image\">\n            <picture>\n                <source media=\"(max-width:600px)\" srcset=\"https:\/\/keweb.ee\/wp-content\/uploads\/2025\/04\/laptopmockup2closersecond-600x463.jpg\">\n                <source media=\"(max-width:1024px)\" srcset=\"https:\/\/keweb.ee\/wp-content\/uploads\/2025\/04\/laptopmockup2closersecond-1024x789.jpg\">\n                <img loading=\"lazy\" decoding=\"async\"\n                    src=\"https:\/\/keweb.ee\/wp-content\/uploads\/2025\/04\/laptopmockup2closersecond.jpg\"\n                    alt=\"\"\n                    width=\"1920\"\n                    height=\"1480\" \/>\n            <\/picture>\n        <\/div>\n    \n            <div class=\"contact-form-block__form\">\n            <div class=\"keweb-contact-form-wrapper\"><div id=\"keweb-skeleton-1251\" class=\"keweb-contact-form-skeleton\"><div class=\"kwcf-field-skeleton\"><\/div><div class=\"kwcf-field-skeleton\"><\/div><div class=\"kwcf-field-skeleton\"><\/div><div class=\"kwcf-field-skeleton\"><\/div><div class=\"kwcf-field-skeleton\"><\/div><div class=\"kwcf-field-skeleton\"><\/div><div class=\"kwcf-button-skeleton\"><\/div><\/div><div class=\"keweb-contact-form\" id=\"keweb-form-1251-6a07df36039a9\" data-form-id=\"1251\"><\/div><\/div>        <\/div>\n    \n<\/section>","protected":false},"excerpt":{"rendered":"","protected":false},"author":3,"featured_media":0,"parent":0,"menu_order":0,"comment_status":"closed","ping_status":"closed","template":"","meta":{"_acf_changed":false,"footnotes":""},"class_list":["post-1149","page","type-page","status-publish","hentry"],"acf":[],"_links":{"self":[{"href":"https:\/\/keweb.ee\/en\/wp-json\/wp\/v2\/pages\/1149","targetHints":{"allow":["GET"]}}],"collection":[{"href":"https:\/\/keweb.ee\/en\/wp-json\/wp\/v2\/pages"}],"about":[{"href":"https:\/\/keweb.ee\/en\/wp-json\/wp\/v2\/types\/page"}],"author":[{"embeddable":true,"href":"https:\/\/keweb.ee\/en\/wp-json\/wp\/v2\/users\/3"}],"replies":[{"embeddable":true,"href":"https:\/\/keweb.ee\/en\/wp-json\/wp\/v2\/comments?post=1149"}],"version-history":[{"count":3,"href":"https:\/\/keweb.ee\/en\/wp-json\/wp\/v2\/pages\/1149\/revisions"}],"predecessor-version":[{"id":1305,"href":"https:\/\/keweb.ee\/en\/wp-json\/wp\/v2\/pages\/1149\/revisions\/1305"}],"wp:attachment":[{"href":"https:\/\/keweb.ee\/en\/wp-json\/wp\/v2\/media?parent=1149"}],"curies":[{"name":"wp","href":"https:\/\/api.w.org\/{rel}","templated":true}]}}